{"id":29,"date":"2023-10-31T18:44:31","date_gmt":"2023-10-31T17:44:31","guid":{"rendered":"http:\/\/obstbaumschule-wangelin.de\/?page_id=29"},"modified":"2026-03-09T13:02:39","modified_gmt":"2026-03-09T12:02:39","slug":"gestalte-deine-website-mit-bloecken","status":"publish","type":"page","link":"https:\/\/obstbaumschule-wangelin.de\/","title":{"rendered":"Obstbaumschule Wangelin"},"content":{"rendered":"\n<h2 class=\"wp-block-heading has-text-align-center\" style=\"font-size:42px;font-style:normal;font-weight:400\">Obstbaumschule Wangelin<\/h2>\n\n\n\n<p class=\"has-text-align-center has-text-color\" style=\"color:#8a4d43;font-size:20px\"><strong>Alte Obstsorten \u2013 Walnusssorten &#8211; Esskastanien &#8211; Rosen \u2013 Heckenpflanzen<\/strong> &#8211; <strong>Beerenobst<\/strong><\/p>\n\n\n\n<p class=\"has-text-align-center\" style=\"font-size:20px\">Nachhaltig und umweltgerecht angebaut<\/p>\n\n\n\n<figure class=\"wp-block-image alignwide size-full is-style-default\"><img loading=\"lazy\" decoding=\"async\" width=\"2560\" height=\"778\" src=\"https:\/\/obstbaumschule-wangelin.de\/wp-content\/uploads\/2023\/10\/obstbaumschulewangelin-scaled.jpg\" alt=\"Logo Obstbaumschule Wangelin\" class=\"wp-image-10\" srcset=\"https:\/\/obstbaumschule-wangelin.de\/wp-content\/uploads\/2023\/10\/obstbaumschulewangelin-scaled.jpg 2560w, https:\/\/obstbaumschule-wangelin.de\/wp-content\/uploads\/2023\/10\/obstbaumschulewangelin-300x91.jpg 300w, https:\/\/obstbaumschule-wangelin.de\/wp-content\/uploads\/2023\/10\/obstbaumschulewangelin-1024x311.jpg 1024w, https:\/\/obstbaumschule-wangelin.de\/wp-content\/uploads\/2023\/10\/obstbaumschulewangelin-768x233.jpg 768w, https:\/\/obstbaumschule-wangelin.de\/wp-content\/uploads\/2023\/10\/obstbaumschulewangelin-1536x467.jpg 1536w, https:\/\/obstbaumschule-wangelin.de\/wp-content\/uploads\/2023\/10\/obstbaumschulewangelin-2048x622.jpg 2048w\" sizes=\"auto, (max-width: 2560px) 100vw, 2560px\" \/><\/figure>\n\n\n\n<p class=\"has-text-align-center has-text-color has-large-font-size\" style=\"color:#8a4d43\">+++++ Neu im Sortiment: verschiedene Sorten Walnussb\u00e4ume und Esskastanien +++++ <\/p>\n\n\n\n<p><\/p>\n\n\n\n<p class=\"has-text-align-center has-text-color has-large-font-size\" style=\"color:#8a4d43\"><br>Fr\u00fchling!!! <\/p>\n\n\n\n<p class=\"has-text-align-center has-text-color has-large-font-size\" style=\"color:#8a4d43\">Der Garten ruft! Jetzt pflanzen!<\/p>\n\n\n\n<p class=\"has-text-align-center has-text-color has-large-font-size\" style=\"color:#8a4d43\"><\/p>\n\n\n\n<p class=\"has-text-align-left\" style=\"font-size:18px\">Der Schnee ist geschmolzen, das Tauwasser hat den Boden getr\u00e4nkt und die Temperaturen steigen.                                                                                                                                                   Beste Voraussetzungen, um nun zu pflanzen. <\/p>\n\n\n\n<p class=\"has-text-align-left\" style=\"font-size:18px\">Bis Ende M\u00e4rz\/ Anfang April kommen die wurzelnackten B\u00e4ume in den Boden. <\/p>\n\n\n\n<p class=\"has-text-align-left\" style=\"font-size:18px\">Pflanzen im Topf\/ Container k\u00f6nnen ganzj\u00e4hrig gepflanzt werden. <\/p>\n\n\n\n<p class=\"has-text-align-left\" style=\"font-size:18px\">Unser stetig wachsendes Sortiment umfasst <strong>Obstb\u00e4ume alter Sorten<\/strong>,       ein breites Angebot an <strong>Walnuss-, Esskastanien- und Baumhaselsorten<\/strong> in verschiedenen Gr\u00f6\u00dfen,                                                                                                     Bienen- und vogelfreundliche <strong>Strauch- und Heckenpflanzen<\/strong>,                                                                                                               zahlreiche ausgew\u00e4hlte, robuste <strong>Rosensorten<\/strong> sowie ben\u00f6tigtes <strong>Pflanzmaterial<\/strong>.                                                     <\/p>\n\n\n\n<p class=\"has-text-align-left\" style=\"font-size:18px\">Schauen Sie in der Fr\u00fchjahrssaison gerne zu den \u00d6ffnungszeiten oder aber nach vorheriger Verabredung bei uns vorbei und finden Sie Ihre neuen Lieblingspflanzen f\u00fcr Ihren Garten oder f\u00fcr Ihr gr\u00f6\u00dferes Pflanzvorhaben.<\/p>\n\n\n\n<p>Gerne beraten wir Sie bei der Sortensuche und der Planung, auch beim Anlegen einer Streuobstwiese oder einem Agroforstprojekt.<\/p>\n\n\n\n<p><\/p>\n\n\n\n<div class=\"wp-block-group\"><div class=\"wp-block-group__inner-container is-layout-constrained wp-block-group-is-layout-constrained\"><\/div><\/div>\n\n\n\n<p class=\"has-text-align-center has-text-color has-large-font-size\" style=\"color:#8a4d43\">\u00d6ffnungszeiten<\/p>\n\n\n\n<p>+++ In der Fr\u00fchjahrssaison von M\u00e4rz bis Ende April haben wir regul\u00e4r jeweils <strong>Freitag von 14.00 &#8211; 18.00 Uhr und Samstag von 10.00- 13.00 Uhr <\/strong>      ge\u00f6ffnet. <\/p>\n\n\n\n<p>Dar\u00fcber hinaus empfangen wir Sie gerne <strong>wochentags nach vorheriger Vereinbarung<\/strong> zu Besichtigungs-, Beratungs- und Verkaufsterminen+++<\/p>\n\n\n\n<p><\/p>\n\n\n\n<div class=\"wp-block-columns is-layout-flex wp-container-core-columns-is-layout-9d6595d7 wp-block-columns-is-layout-flex\">\n<div class=\"wp-block-column is-layout-flow wp-block-column-is-layout-flow\" style=\"flex-basis:100%\">\n<div class=\"wp-block-group\"><div class=\"wp-block-group__inner-container is-layout-constrained wp-block-group-is-layout-constrained\">\n<div class=\"wp-block-columns is-style-twentytwentyone-columns-overlap is-layout-flex wp-container-core-columns-is-layout-9d6595d7 wp-block-columns-is-layout-flex\">\n<div class=\"wp-block-column is-layout-flow wp-block-column-is-layout-flow\" style=\"flex-basis:100%\">\n<div class=\"wp-block-group is-content-justification-center is-nowrap is-layout-flex wp-container-core-group-is-layout-94bc23d7 wp-block-group-is-layout-flex\">\n<div class=\"wp-block-group is-vertical is-layout-flex wp-container-core-group-is-layout-8cf370e7 wp-block-group-is-layout-flex\">\n<p class=\"has-text-align-left\"><strong>Anfragen und Bestellungen <\/strong>sind generell von 10.00 bis 17.00 Uhr unter 0176 48315513 oder per E-Mail an kontakt@obstbaumschule-wangelin.de m\u00f6glich.<\/p>\n<\/div>\n<\/div>\n<\/div>\n<\/div>\n<\/div><\/div>\n<\/div>\n<\/div>\n\n\n\n<p>Wir freuen uns auf Sie.<\/p>\n\n\n\n<p class=\"has-text-align-center has-dark-gray-color has-text-color has-link-color has-small-font-size wp-elements-7c7d1947a3e4c3619bcd879c6c93fe76\">Ihre Obstbaumschule in Wangelin<\/p>\n\n\n\n<p><\/p>\n\n\n\n<p class=\"has-text-align-center\"><\/p>\n\n\n\n<p class=\"has-text-align-center has-text-color has-large-font-size\" style=\"color:#8a4d43\">+++ Obstbaumschnitt-Seminar 07.11.2026 +++<\/p>\n\n\n\n<p class=\"has-text-align-center\">Obstbaumschnitt in Theorie und Praxis<\/p>\n\n\n\n<p>Wie, wann, warum und womit Obstb\u00e4ume richtig geschnitten werden \u2013 all das wird im Seminar &#8222;Obstbaumschnitt&#8220; verst\u00e4ndlich erkl\u00e4rt und anhand verschiedener Schnittma\u00dfnahmen gezeigt.<\/p>\n\n\n\n<p>Von den Grundlagen des Erziehungsschnitts bei Jungb\u00e4umen bis hin zu gezielten Ma\u00dfnahmen beim Schnitt von Altb\u00e4umen lernen Sie, wie Sie Ihre Obstb\u00e4ume fachgerecht schneiden. Ziel ist es, ein solides Grundwissen aufzubauen und Sicherheit bei der Anwendung am eigenen Baum zu gewinnen. <\/p>\n\n\n\n<p><strong>Seminarinhalte:<\/strong><\/p>\n\n\n\n<ul class=\"wp-block-list\">\n<li>Theoretischer Einstieg im Caf\u00e9 des Wangeliner Gartens<\/li>\n\n\n\n<li>Praktische \u00dcbungen direkt an den Geh\u00f6lzen vor Ort<\/li>\n\n\n\n<li>Fachkundige Anleitung und individuelle Betreuung<\/li>\n\n\n\n<li>Gelegenheit zum selbstst\u00e4ndigen Schneiden unter Anleitung<\/li>\n<\/ul>\n\n\n\n<p>Bitte bringen Sie wetterfeste Kleidung, m\u00f6glichst eigene saubere und scharfe Schneidwerkzeuge sowie gute Laune mit!<\/p>\n\n\n\n<hr class=\"wp-block-separator has-alpha-channel-opacity\"\/>\n\n\n\n<p><strong>Termin:<\/strong> Samstag, 07. November 2026<br><strong>Uhrzeit:<\/strong> 10:00\u201316:00 Uhr<br><strong>Ort:<\/strong> Wangeliner Garten<\/p>\n\n\n\n<p><strong>Veranstalter und Kursleiter:<\/strong> Holger Zimmermann,&nbsp; zertifizierter Obstgeh\u00f6lzpfleger (PV)<\/p>\n\n\n\n<p><strong>Kosten:<\/strong> 45,00 \u20ac pro Person (bar vor Ort zu entrichten)<br>Im Preis enthalten sind ein Mittagsimbiss sowie warme Getr\u00e4nke.<\/p>\n\n\n\n<p>Anmeldung bis zum 31. Oktober 2026 per E-Mail an: <a href=\"mailto:kontakt@wandundwiese.de\"><strong>kontakt@wandundwiese.de<\/strong><\/a><\/p>\n\n\n\n<p>Weitere Infos gerne unter: 0176 48 31 55 13<\/p>\n\n\n\n<p><strong>Hinweis:<\/strong> Dieses Seminar richtet sich an Gartenliebhaber*innen und vermittelt Grundwissen zur privaten Anwendung. Es ist nicht als berufliche Qualifikation gedacht.<\/p>\n\n\n\n<p class=\"has-text-align-center\"><\/p>\n\n\n\n<figure class=\"wp-block-image size-large\"><img loading=\"lazy\" decoding=\"async\" width=\"760\" height=\"1024\" src=\"https:\/\/obstbaumschule-wangelin.de\/wp-content\/uploads\/2025\/11\/Foto-Obstbaumschnitt-1-760x1024.jpg\" alt=\"\" class=\"wp-image-488\" srcset=\"https:\/\/obstbaumschule-wangelin.de\/wp-content\/uploads\/2025\/11\/Foto-Obstbaumschnitt-1-760x1024.jpg 760w, https:\/\/obstbaumschule-wangelin.de\/wp-content\/uploads\/2025\/11\/Foto-Obstbaumschnitt-1-223x300.jpg 223w, https:\/\/obstbaumschule-wangelin.de\/wp-content\/uploads\/2025\/11\/Foto-Obstbaumschnitt-1-768x1035.jpg 768w, https:\/\/obstbaumschule-wangelin.de\/wp-content\/uploads\/2025\/11\/Foto-Obstbaumschnitt-1-1140x1536.jpg 1140w, https:\/\/obstbaumschule-wangelin.de\/wp-content\/uploads\/2025\/11\/Foto-Obstbaumschnitt-1.jpg 1520w\" sizes=\"auto, (max-width: 760px) 100vw, 760px\" \/><\/figure>\n\n\n\n<p class=\"has-text-align-center\"><\/p>\n\n\n\n<p class=\"has-text-align-center\"><\/p>\n\n\n\n<p class=\"has-text-align-center\"><\/p>\n\n\n\n<p class=\"has-text-align-center\"><\/p>\n\n\n\n<p><\/p>\n\n\n\n<p class=\"has-text-align-left\"><br>Obstbaumschule Wangelin<br>Vietl\u00fcbber Stra\u00dfe<br>19395 Ganzlin\/OT Wangelin<\/p>\n\n\n\n<p class=\"has-text-align-left\">(direkt neben dem Wangeliner Garten)<\/p>\n\n\n\n<p class=\"has-text-align-left\">Telefon: 0176 48 31 55 13 (Holger Zimmermann)<br>E-Mail: <a href=\"mailto:kontakt@obstbaumschule-wangelin.de\">kontakt@obstbaumschule-wangelin.de<\/a><\/p>\n\n\n\n<p class=\"has-text-align-left\">Instagram: <a rel=\"noreferrer noopener\" href=\"https:\/\/www.instagram.com\/poms_n_roses\/\" target=\"_blank\">poms _ n _ roses<\/a><\/p>\n\n\n<div class=\"wp-block-image\">\n<figure class=\"aligncenter size-full\"><img loading=\"lazy\" decoding=\"async\" width=\"640\" height=\"423\" src=\"https:\/\/obstbaumschule-wangelin.de\/wp-content\/uploads\/2024\/10\/Foto-Holger-noch-mehr-zugeschnitten.jpg\" alt=\"\" class=\"wp-image-362\" srcset=\"https:\/\/obstbaumschule-wangelin.de\/wp-content\/uploads\/2024\/10\/Foto-Holger-noch-mehr-zugeschnitten.jpg 640w, https:\/\/obstbaumschule-wangelin.de\/wp-content\/uploads\/2024\/10\/Foto-Holger-noch-mehr-zugeschnitten-300x198.jpg 300w\" sizes=\"auto, (max-width: 640px) 100vw, 640px\" \/><\/figure>\n<\/div>","protected":false},"excerpt":{"rendered":"<p>Obstbaumschule Wangelin Alte Obstsorten \u2013 Walnusssorten &#8211; Esskastanien &#8211; Rosen \u2013 Heckenpflanzen &#8211; Beerenobst Nachhaltig und umweltgerecht angebaut +++++ Neu im Sortiment: verschiedene Sorten Walnussb\u00e4ume und Esskastanien +++++ Fr\u00fchling!!! Der Garten ruft! Jetzt pflanzen! Der Schnee ist geschmolzen, das Tauwasser hat den Boden getr\u00e4nkt und die Temperaturen steigen. Beste Voraussetzungen, um nun zu pflanzen. Bis&hellip; <a class=\"more-link\" href=\"https:\/\/obstbaumschule-wangelin.de\/\"><span class=\"screen-reader-text\">Obstbaumschule Wangelin<\/span> weiterlesen<\/a><\/p>\n","protected":false},"author":1,"featured_media":0,"parent":0,"menu_order":0,"comment_status":"closed","ping_status":"closed","template":"","meta":{"footnotes":""},"class_list":["post-29","page","type-page","status-publish","hentry","entry"],"_links":{"self":[{"href":"https:\/\/obstbaumschule-wangelin.de\/index.php\/wp-json\/wp\/v2\/pages\/29","targetHints":{"allow":["GET"]}}],"collection":[{"href":"https:\/\/obstbaumschule-wangelin.de\/index.php\/wp-json\/wp\/v2\/pages"}],"about":[{"href":"https:\/\/obstbaumschule-wangelin.de\/index.php\/wp-json\/wp\/v2\/types\/page"}],"author":[{"embeddable":true,"href":"https:\/\/obstbaumschule-wangelin.de\/index.php\/wp-json\/wp\/v2\/users\/1"}],"replies":[{"embeddable":true,"href":"https:\/\/obstbaumschule-wangelin.de\/index.php\/wp-json\/wp\/v2\/comments?post=29"}],"version-history":[{"count":147,"href":"https:\/\/obstbaumschule-wangelin.de\/index.php\/wp-json\/wp\/v2\/pages\/29\/revisions"}],"predecessor-version":[{"id":498,"href":"https:\/\/obstbaumschule-wangelin.de\/index.php\/wp-json\/wp\/v2\/pages\/29\/revisions\/498"}],"wp:attachment":[{"href":"https:\/\/obstbaumschule-wangelin.de\/index.php\/wp-json\/wp\/v2\/media?parent=29"}],"curies":[{"name":"wp","href":"https:\/\/api.w.org\/{rel}","templated":true}]}}